{"id":3521,"date":"2017-05-20T13:23:24","date_gmt":"2017-05-20T12:23:24","guid":{"rendered":"http:\/\/biggerhousedesign.co.uk\/home\/"},"modified":"2017-06-23T17:30:47","modified_gmt":"2017-06-23T16:30:47","slug":"home","status":"publish","type":"page","link":"https:\/\/biggerhousedesign.co.uk\/pl\/","title":{"rendered":"Start"},"content":{"rendered":"<div  class=\"tatsu-icak5k5zi86p8lh3 tatsu-section    tatsu-clearfix\" data-title=\"\"  data-headerscheme=\"background--dark\"><div class='tatsu-section-pad clearfix' data-padding='90px 0px 90px 0px' data-padding-top='90px'><div class=\"tatsu-row-wrap  tatsu-wrap tatsu-row-has-one-half tatsu-row-has-two-cols tatsu-medium-gutter tatsu-reg-cols  tatsu-clearfix tatsu-icak5k618v33v7qc\" ><div  class=\"tatsu-row \" ><div  class=\"tatsu-column  tatsu-column-no-bg tatsu-one-half tatsu-column-image- tatsu-column-effect-  tatsu-icak5k61fedp7rjf\" data-animation=\"fadeIn\"   data-parallax-speed=\"0\" style=\"\"><div class=\"tatsu-column-inner \" ><div class=\"tatsu-column-pad-wrap\"><div class=\"tatsu-column-pad\" ><div  class=\"tatsu-single-image tatsu-module align-left tatsu-external-image tatsu-icak5k61op4ksi9d  \" ><div class=\"tatsu-single-image-inner \" style=\"\" ><div class = \"tatsu-single-image-padding-wrap\" style = \"\" ><\/div><img class = \"tatsu-gradient-border\" src = \"http:\/\/biggerhousedesign.co.uk\/wp-content\/uploads\/2017\/05\/homep.jpg\" \/><\/div><style>.tatsu-icak5k61op4ksi9d{margin: 0px 0px 0px 0px;}.tatsu-icak5k61op4ksi9d .tatsu-single-image-inner{max-width: 100%;}<\/style><\/div><\/div><\/div><div class = \"tatsu-column-bg-image-wrap\"><div class = \"tatsu-column-bg-image\" ><\/div><\/div><\/div><style>.tatsu-icak5k61fedp7rjf.tatsu-column > .tatsu-column-inner > .tatsu-column-pad-wrap > .tatsu-column-pad{padding: 0px 0px 0px 0px;}.tatsu-icak5k61fedp7rjf.tatsu-column > .tatsu-column-inner{border-width: 0 0 0 0;}.tatsu-icak5k61fedp7rjf.tatsu-column > .tatsu-column-inner > .tatsu-column-overlay{mix-blend-mode: none;}.tatsu-icak5k61fedp7rjf > .tatsu-column-inner > .tatsu-top-divider{z-index: 9999;}.tatsu-icak5k61fedp7rjf > .tatsu-column-inner > .tatsu-bottom-divider{z-index: 9999;}.tatsu-icak5k61fedp7rjf > .tatsu-column-inner > .tatsu-left-divider{z-index: 9999;}.tatsu-icak5k61fedp7rjf > .tatsu-column-inner > .tatsu-right-divider{z-index: 9999;}.tatsu-icak5k61fedp7rjf.tatsu-column{transform: translate3d(0px,0px, 0);}<\/style><\/div><div  class=\"tatsu-column  tatsu-column-no-bg tatsu-one-half tatsu-column-image- tatsu-column-effect-  tatsu-icak5k61stsqgg6\" data-animation=\"fadeIn\"   data-parallax-speed=\"0\" style=\"\"><div class=\"tatsu-column-inner \" ><div class=\"tatsu-column-pad-wrap\"><div class=\"tatsu-column-pad\" ><div  class=\"tatsu-module tatsu-text-block-wrap tatsu-icak5k620q7cam2y  \"><div class=\"tatsu-text-inner   clearfix\" data-animation=\"fadeIn\"  ><style>.tatsu-icak5k620q7cam2y.tatsu-text-block-wrap .tatsu-text-inner{width: 100%;}<\/style>\n<h3>ROZBUDOWA DOMU<\/h3>\n<p>Uniknij k\u0142opot\u00f3w zwi\u0105zanych z wyprowadzka z ukochanego domu i pozw\u00f3l nam zmaksymalizowa\u0107 jego potencja\u0142.\u00a0 Powi\u0119ksz swoj\u0105 kuchni\u0119 aby utworzy\u0142a otwart\u0105 przestrze\u0144 dla ca\u0142ej rodziny i przyjaci\u00f3\u0142.\u00a0 Dobuduj dodatkowa \u0142azienk\u0119 i ciesz si\u0119 wygoda i luksusem.\u00a0 Stw\u00f3rz miejsce na pralnie i przechowalnie, kt\u00f3re u\u0142atwia codzienn\u0105 rutyn\u0119 i obowi\u0105zki.<\/p>\n<\/div><\/div><div  class=\"tatsu-module tatsu-text-block-wrap tatsu-icak5k623f2rvw44  \"><div class=\"tatsu-text-inner   clearfix\" data-animation=\"fadeIn\"  ><style>.tatsu-icak5k623f2rvw44.tatsu-text-block-wrap .tatsu-text-inner{width: 100%;}<\/style>\n<h3>POWIEKSZENIE PODDASZA<\/h3>\n<p>Wykorzystaj nieu\u017cytkowe poddasze i przekszta\u0142\u0107 go w przestrzenna sypialnie z \u0142azienk\u0105 lub garderoba.\u00a0 Podnie\u015b warto\u015b\u0107 swojej nieruchomo\u015bci i zbuduj taras na dachu.<\/p>\n<\/div><\/div><\/div><\/div><div class = \"tatsu-column-bg-image-wrap\"><div class = \"tatsu-column-bg-image\" ><\/div><\/div><\/div><style>.tatsu-icak5k61stsqgg6.tatsu-column > .tatsu-column-inner > .tatsu-column-pad-wrap > .tatsu-column-pad{padding: 0px 0px 0px 0px;}.tatsu-icak5k61stsqgg6.tatsu-column > .tatsu-column-inner{border-width: 0 0 0 0;}.tatsu-icak5k61stsqgg6.tatsu-column > .tatsu-column-inner > .tatsu-column-overlay{mix-blend-mode: none;}.tatsu-icak5k61stsqgg6 > .tatsu-column-inner > .tatsu-top-divider{z-index: 9999;}.tatsu-icak5k61stsqgg6 > .tatsu-column-inner > .tatsu-bottom-divider{z-index: 9999;}.tatsu-icak5k61stsqgg6 > .tatsu-column-inner > .tatsu-left-divider{z-index: 9999;}.tatsu-icak5k61stsqgg6 > .tatsu-column-inner > .tatsu-right-divider{z-index: 9999;}.tatsu-icak5k61stsqgg6.tatsu-column{transform: translate3d(0px,0px, 0);}<\/style><\/div><\/div><\/div><div class=\"tatsu-row-wrap  tatsu-wrap tatsu-row-one-col tatsu-row-has-one-cols tatsu-medium-gutter tatsu-reg-cols  tatsu-clearfix tatsu-icak5k625w6uuac8\" ><div  class=\"tatsu-row \" ><div  class=\"tatsu-column  tatsu-column-no-bg tatsu-one-col tatsu-column-image- tatsu-column-effect-  tatsu-icak5k62b53bzilf\" data-animation=\"fadeIn\"   data-parallax-speed=\"0\" style=\"\"><div class=\"tatsu-column-inner \" ><div class=\"tatsu-column-pad-wrap\"><div class=\"tatsu-column-pad\" ><div  class=\"tatsu-module tatsu-divider-wrap tatsu-animate tatsu-icak5k62io17oyfb   \"  ><style>.tatsu-icak5k62io17oyfb .tatsu-divider{height: 1px;width: 100%;background: rgba(235,235,235,1);}<\/style><hr class=\"tatsu-divider\"\/><\/div><div  class=\"special-heading-wrap style1 oshine-module  tatsu-icak5k62lselkc0m  \" data-animation=\"fadeIn\"  ><div class=\"special-heading align-center\"><h3 class=\"special-h-tag\" >Nasze Ostatnie Projekty<\/h3><div class=\"sub-title margin-bottom  special-subtitle\">\n<p><em><span class=\"st\">Zapraszamy do obejrzenia galerii projekt\u00f3w<\/span><\/em><\/p>\n<\/div><div class=\"sep-with-icon-wrap margin-bottom\"><span class=\"sep-with-icon\" ><\/span><i class=\"sep-icon font-icon oshine_diamond\"><\/i><span class=\"sep-with-icon\" ><\/span><\/div><\/div><style>.tatsu-icak5k62lselkc0m .sep-icon.oshine_diamond{background: #db2e2e;}.tatsu-icak5k62lselkc0m .sep-with-icon{height: 1px;width: 40px;background: #efefef;}<\/style><\/div><div  class=\"tatsu-module tatsu-text-block-wrap tatsu-icak5k62pscpj53j  \"><div class=\"tatsu-text-inner   clearfix\" data-animation=\"fadeIn\"  ><style>.tatsu-icak5k62pscpj53j.tatsu-text-block-wrap .tatsu-text-inner{width: 100%;}<\/style><script>\r\n    jQuery(document).ready(function () {\r\n        var opt = {};\r\nopt['source'] = 'image:3321';opt['contentoption'] = '';opt['contentlink'] = '';opt['contenttitle'] = '';opt['contentexcerptrm'] = '';opt['contenttemplate'] = '';opt['superids'] = '';opt['visible'] = '';opt['itemWidth'] = 400;opt['itemHeight'] = '';opt['mobileVisible'] = 1;opt['mobileWidth'] = 480;opt['tabletVisible'] = 2;opt['tabletWidth'] = 768;opt['direction'] = 'left';opt['effect'] = 'slide';opt['easing'] = 'easeInOutQuint';opt['easingTime'] = 1000;opt['step'] = 1;opt['auto'] = 1;opt['pauseTime'] = 4000;opt['pauseOver'] = 1;opt['autoHeight'] = '';opt['slideGap'] = 4;opt['nextPrev'] = 1;opt['paging'] = '';opt['circular'] = '';opt['mouseWheel'] = '';opt['swipe'] = 1;opt['keys'] = '';opt['superrandom'] = '';opt['smallbut'] = '';opt['navpadding'] = '';opt['navstyle'] = 'style4-white';opt['customclass'] = '';opt['autoscroll'] = '';opt['scrollspeed'] = 3;opt['superhidden'] = '';opt['mobileItemWidth'] = '';opt['mobileItemHeight'] = '';opt['tabletItemWidth'] = '';opt['tabletItemHeight'] = '';opt['imageSize'] = 'full';opt['caption'] = 'always';opt['slideHover'] = 'disable';opt['numslides'] = -1;opt['orderby'] = 'none';opt['displayorder'] = 'ASC';opt['onslideclick'] = '';opt['wrapper_class'] = '';opt['next'] = '#next944196';opt['prev'] = '#prev944196';opt['type'] = 'image';        if (jQuery(\"#supercarousel944196\").find(\">div\").length == 0) {\r\n            jQuery(\"#supercrsl944196\").hide();\r\n            return;\r\n        }\r\n        \/\/jQuery().framerate();\r\n        jQuery.fx.interval = 1;\r\n        var scarousel944196 = jQuery(\"#supercarousel944196\").supercarousel(opt);\r\n    });\r\n<\/script>\r\n<div id=\"supercrsl944196\" class=\"supercrsl\">\r\n    <div class=\"supercarousel supercaptionalways\" id=\"supercarousel944196\">\r\n                    <div>\r\n                <a href=\"http:\/\/biggerhousedesign.co.uk\/wp-content\/uploads\/2017\/05\/Lillian-1b.jpg\" data-src=\"http:\/\/biggerhousedesign.co.uk\/wp-content\/uploads\/2017\/05\/Lillian-1b.jpg\" class=\"blk superlight\"><img decoding=\"async\" class=\"imgslide\" src=\"https:\/\/biggerhousedesign.co.uk\/wp-content\/uploads\/2017\/05\/Lillian-1.jpg\" alt=\"\" \/><\/a>            <\/div>\r\n                        <div>\r\n                <a href=\"http:\/\/biggerhousedesign.co.uk\/wp-content\/uploads\/2017\/05\/Lillian-2b.jpg\" data-src=\"http:\/\/biggerhousedesign.co.uk\/wp-content\/uploads\/2017\/05\/Lillian-2b.jpg\" class=\"blk superlight\"><img decoding=\"async\" class=\"imgslide\" src=\"https:\/\/biggerhousedesign.co.uk\/wp-content\/uploads\/2017\/05\/Lillian-2.jpg\" alt=\"\" \/><\/a>            <\/div>\r\n                        <div>\r\n                <a href=\"http:\/\/biggerhousedesign.co.uk\/wp-content\/uploads\/2017\/05\/Lillian-3b.jpg\" data-src=\"http:\/\/biggerhousedesign.co.uk\/wp-content\/uploads\/2017\/05\/Lillian-3b.jpg\" class=\"blk superlight\"><img decoding=\"async\" class=\"imgslide\" src=\"https:\/\/biggerhousedesign.co.uk\/wp-content\/uploads\/2017\/05\/Lillian-3.jpg\" alt=\"\" \/><\/a>            <\/div>\r\n                        <div>\r\n                <a href=\"http:\/\/biggerhousedesign.co.uk\/wp-content\/uploads\/2017\/05\/Lillian-4b.jpg\" data-src=\"http:\/\/biggerhousedesign.co.uk\/wp-content\/uploads\/2017\/05\/Lillian-4b.jpg\" class=\"blk superlight\"><img decoding=\"async\" class=\"imgslide\" src=\"https:\/\/biggerhousedesign.co.uk\/wp-content\/uploads\/2017\/05\/Lillian-4.jpg\" alt=\"\" \/><\/a>            <\/div>\r\n                        <div>\r\n                <a href=\"http:\/\/biggerhousedesign.co.uk\/wp-content\/uploads\/2017\/05\/Gassiot-1b.jpg\" data-src=\"http:\/\/biggerhousedesign.co.uk\/wp-content\/uploads\/2017\/05\/Gassiot-1b.jpg\" class=\"blk superlight\"><img decoding=\"async\" class=\"imgslide\" src=\"https:\/\/biggerhousedesign.co.uk\/wp-content\/uploads\/2017\/05\/Gassiot-1.jpg\" alt=\"\" \/><\/a>            <\/div>\r\n                        <div>\r\n                <a href=\"http:\/\/biggerhousedesign.co.uk\/wp-content\/uploads\/2017\/05\/Gassiot-2b.jpg\" data-src=\"http:\/\/biggerhousedesign.co.uk\/wp-content\/uploads\/2017\/05\/Gassiot-2b.jpg\" class=\"blk superlight\"><img decoding=\"async\" class=\"imgslide\" src=\"https:\/\/biggerhousedesign.co.uk\/wp-content\/uploads\/2017\/05\/Gassiot-2.jpg\" alt=\"\" \/><\/a>            <\/div>\r\n                        <div>\r\n                <a href=\"http:\/\/biggerhousedesign.co.uk\/wp-content\/uploads\/2017\/05\/Gassiot-3b.jpg\" data-src=\"http:\/\/biggerhousedesign.co.uk\/wp-content\/uploads\/2017\/05\/Gassiot-3b.jpg\" class=\"blk superlight\"><img decoding=\"async\" class=\"imgslide\" src=\"https:\/\/biggerhousedesign.co.uk\/wp-content\/uploads\/2017\/05\/Gassiot-3.jpg\" alt=\"\" \/><\/a>            <\/div>\r\n                        <div>\r\n                <a href=\"http:\/\/biggerhousedesign.co.uk\/wp-content\/uploads\/2017\/05\/Gassiot-4b.jpg\" data-src=\"http:\/\/biggerhousedesign.co.uk\/wp-content\/uploads\/2017\/05\/Gassiot-4b.jpg\" class=\"blk superlight\"><img decoding=\"async\" class=\"imgslide\" src=\"https:\/\/biggerhousedesign.co.uk\/wp-content\/uploads\/2017\/05\/Gassiot-4.jpg\" alt=\"\" \/><\/a>            <\/div>\r\n                        <div>\r\n                <a href=\"http:\/\/biggerhousedesign.co.uk\/wp-content\/uploads\/2017\/05\/Ribblesdale-1b.jpg\" data-src=\"http:\/\/biggerhousedesign.co.uk\/wp-content\/uploads\/2017\/05\/Ribblesdale-1b.jpg\" class=\"blk superlight\"><img decoding=\"async\" class=\"imgslide\" src=\"https:\/\/biggerhousedesign.co.uk\/wp-content\/uploads\/2017\/05\/Ribblesdale-1.jpg\" alt=\"\" \/><\/a>            <\/div>\r\n                        <div>\r\n                <a href=\"http:\/\/biggerhousedesign.co.uk\/wp-content\/uploads\/2017\/05\/Ribblesdale-2b.jpg\" data-src=\"http:\/\/biggerhousedesign.co.uk\/wp-content\/uploads\/2017\/05\/Ribblesdale-2b.jpg\" class=\"blk superlight\"><img decoding=\"async\" class=\"imgslide\" src=\"https:\/\/biggerhousedesign.co.uk\/wp-content\/uploads\/2017\/05\/Ribblesdale-2.jpg\" alt=\"\" \/><\/a>            <\/div>\r\n                        <div>\r\n                <a href=\"http:\/\/biggerhousedesign.co.uk\/wp-content\/uploads\/2017\/05\/Ribblesdale-3b.jpg\" data-src=\"http:\/\/biggerhousedesign.co.uk\/wp-content\/uploads\/2017\/05\/Ribblesdale-3b.jpg\" class=\"blk superlight\"><img decoding=\"async\" class=\"imgslide\" src=\"https:\/\/biggerhousedesign.co.uk\/wp-content\/uploads\/2017\/05\/Ribblesdale-3.jpg\" alt=\"\" \/><\/a>            <\/div>\r\n                        <div>\r\n                <a href=\"http:\/\/biggerhousedesign.co.uk\/wp-content\/uploads\/2017\/05\/Ribblesdale-4b.jpg\" data-src=\"http:\/\/biggerhousedesign.co.uk\/wp-content\/uploads\/2017\/05\/Ribblesdale-4b.jpg\" class=\"blk superlight\"><img decoding=\"async\" class=\"imgslide\" src=\"https:\/\/biggerhousedesign.co.uk\/wp-content\/uploads\/2017\/05\/Ribblesdale-4.jpg\" alt=\"\" \/><\/a>            <\/div>\r\n                        <div>\r\n                <a href=\"http:\/\/biggerhousedesign.co.uk\/wp-content\/uploads\/2017\/05\/Sellincourt-1b.jpg\" data-src=\"http:\/\/biggerhousedesign.co.uk\/wp-content\/uploads\/2017\/05\/Sellincourt-1b.jpg\" class=\"blk superlight\"><img decoding=\"async\" class=\"imgslide\" src=\"https:\/\/biggerhousedesign.co.uk\/wp-content\/uploads\/2017\/05\/Sellincourt-1.jpg\" alt=\"\" \/><\/a>            <\/div>\r\n                        <div>\r\n                <a href=\"http:\/\/biggerhousedesign.co.uk\/wp-content\/uploads\/2017\/05\/Sellincourt-2b.jpg\" data-src=\"http:\/\/biggerhousedesign.co.uk\/wp-content\/uploads\/2017\/05\/Sellincourt-2b.jpg\" class=\"blk superlight\"><img decoding=\"async\" class=\"imgslide\" src=\"https:\/\/biggerhousedesign.co.uk\/wp-content\/uploads\/2017\/05\/Sellincourt-2.jpg\" alt=\"\" \/><\/a>            <\/div>\r\n                        <div>\r\n                <a href=\"http:\/\/biggerhousedesign.co.uk\/wp-content\/uploads\/2017\/05\/Sellincourt-3b.jpg\" data-src=\"http:\/\/biggerhousedesign.co.uk\/wp-content\/uploads\/2017\/05\/Sellincourt-3b.jpg\" class=\"blk superlight\"><img decoding=\"async\" class=\"imgslide\" src=\"https:\/\/biggerhousedesign.co.uk\/wp-content\/uploads\/2017\/05\/Sellincourt-3.jpg\" alt=\"\" \/><\/a>            <\/div>\r\n                        <div>\r\n                <a href=\"http:\/\/biggerhousedesign.co.uk\/wp-content\/uploads\/2017\/05\/Sellincourt-4b.jpg\" data-src=\"http:\/\/biggerhousedesign.co.uk\/wp-content\/uploads\/2017\/05\/Sellincourt-4b.jpg\" class=\"blk superlight\"><img decoding=\"async\" class=\"imgslide\" src=\"https:\/\/biggerhousedesign.co.uk\/wp-content\/uploads\/2017\/05\/Sellincourt-4.jpg\" alt=\"\" \/><\/a>            <\/div>\r\n                <\/div><div class=\"clear\"><\/div>\r\n            <a class=\"prev superprev style4-white\" id=\"prev944196\" href=\"#\"><span>prev<\/span><\/a>\r\n        <a class=\"next supernext style4-white\" id=\"next944196\" href=\"#\"><span>next<\/span><\/a>\r\n            <div class=\"pagination\" id=\"pag944196\"><\/div>\r\n<\/div><br \/>\n<\/div><\/div><\/div><\/div><div class = \"tatsu-column-bg-image-wrap\"><div class = \"tatsu-column-bg-image\" ><\/div><\/div><\/div><style>.tatsu-icak5k62b53bzilf.tatsu-column > .tatsu-column-inner > .tatsu-column-pad-wrap > .tatsu-column-pad{padding: 0px 0px 0px 0px;}.tatsu-icak5k62b53bzilf.tatsu-column > .tatsu-column-inner{border-width: 0 0 0 0;}.tatsu-icak5k62b53bzilf.tatsu-column > .tatsu-column-inner > .tatsu-column-overlay{mix-blend-mode: none;}.tatsu-icak5k62b53bzilf > .tatsu-column-inner > .tatsu-top-divider{z-index: 9999;}.tatsu-icak5k62b53bzilf > .tatsu-column-inner > .tatsu-bottom-divider{z-index: 9999;}.tatsu-icak5k62b53bzilf > .tatsu-column-inner > .tatsu-left-divider{z-index: 9999;}.tatsu-icak5k62b53bzilf > .tatsu-column-inner > .tatsu-right-divider{z-index: 9999;}.tatsu-icak5k62b53bzilf.tatsu-column{transform: translate3d(0px,0px, 0);}<\/style><\/div><\/div><\/div><\/div><div class=\"tatsu-section-background-wrap\"><div class = \"tatsu-section-background\" ><\/div><\/div><style>.tatsu-icak5k5zi86p8lh3 .tatsu-section-pad{padding: 90px 0px 90px 0px;}.tatsu-icak5k5zi86p8lh3.tatsu-section{margin: 0px 0px 0px 0px;}.tatsu-icak5k5zi86p8lh3 > .tatsu-bottom-divider{z-index: 9999;}.tatsu-icak5k5zi86p8lh3 > .tatsu-top-divider{z-index: 9999;}<\/style><\/div><div  class=\"tatsu-icak5k72px4iwhqf tatsu-section    tatsu-clearfix\" data-title=\"\"  data-headerscheme=\"background--dark\"><div class='tatsu-section-pad clearfix' data-padding='20px 0px 20px 0px ' data-padding-top='20px'><div class=\"tatsu-row-wrap  tatsu-row-full-width tatsu-row-one-col tatsu-row-has-one-cols tatsu-medium-gutter tatsu-reg-cols  tatsu-clearfix tatsu-icak5k7355gd8kvr\" ><div  class=\"tatsu-row \" ><div  class=\"tatsu-column  tatsu-column-no-bg tatsu-one-col tatsu-column-image- tatsu-column-effect-  tatsu-icak5k73ch1yuc5h\" data-animation=\"fadeIn\"   data-parallax-speed=\"0\" style=\"\"><div class=\"tatsu-column-inner \" ><div class=\"tatsu-column-pad-wrap\"><div class=\"tatsu-column-pad\" ><div  class=\"tatsu-module tatsu-call-to-action tatsu-clearfix  tatsu-icak5k73o6bmko4d  \" data-animation=\"fadeIn\"  ><div class=\"tatsu-cta-inner\"><h4 class=\"tatsu-action-content\" >Nowy Projekt? Zadzwo\u0144 dzisiaj <\/h4><a class=\"mediumbtn tatsu-button rounded tatsu-action-button   \" href=\"https:\/\/biggerhousedesign.co.uk\/pl\/contact\/\" data-gdpr-atts={} ><span>Kontakt<\/span><\/a><style>.tatsu-icak5k73o6bmko4d.tatsu-call-to-action{background-color: rgba(226,226,226,1);}.tatsu-icak5k73o6bmko4d .tatsu-action-content{color: rgba(0,0,0,1) ;}.tatsu-icak5k73o6bmko4d .tatsu-action-button{background: rgba(225,43,43,1);border-color: #ffffff; }.tatsu-icak5k73o6bmko4d .tatsu-action-button:hover{background: #ffffff;border-color: #ffffff; }.tatsu-icak5k73o6bmko4d .tatsu-action-button span{color: #ffffff ;}.tatsu-icak5k73o6bmko4d .tatsu-action-button:hover span{color: rgba(224,162,64,1) ;}<\/style><\/div><\/div><\/div><\/div><div class = \"tatsu-column-bg-image-wrap\"><div class = \"tatsu-column-bg-image\" ><\/div><\/div><\/div><style>.tatsu-icak5k73ch1yuc5h.tatsu-column > .tatsu-column-inner > .tatsu-column-pad-wrap > .tatsu-column-pad{padding: 0px 0px 0px 0px;}.tatsu-icak5k73ch1yuc5h.tatsu-column > .tatsu-column-inner{border-width: 0 0 0 0;}.tatsu-icak5k73ch1yuc5h.tatsu-column > .tatsu-column-inner > .tatsu-column-overlay{mix-blend-mode: none;}.tatsu-icak5k73ch1yuc5h > .tatsu-column-inner > .tatsu-top-divider{z-index: 9999;}.tatsu-icak5k73ch1yuc5h > .tatsu-column-inner > .tatsu-bottom-divider{z-index: 9999;}.tatsu-icak5k73ch1yuc5h > .tatsu-column-inner > .tatsu-left-divider{z-index: 9999;}.tatsu-icak5k73ch1yuc5h > .tatsu-column-inner > .tatsu-right-divider{z-index: 9999;}.tatsu-icak5k73ch1yuc5h.tatsu-column{transform: translate3d(0px,0px, 0);}<\/style><\/div><\/div><\/div><\/div><div class=\"tatsu-section-background-wrap\"><div class = \"tatsu-section-background\" ><\/div><\/div><style>.tatsu-icak5k72px4iwhqf.tatsu-section{background-color: rgba(226,226,226,1);margin: 0px 0px 0px 0px;}.tatsu-icak5k72px4iwhqf .tatsu-section-pad{padding: 20px 0px 20px 0px ;}.tatsu-icak5k72px4iwhqf > .tatsu-bottom-divider{z-index: 9999;}.tatsu-icak5k72px4iwhqf > .tatsu-top-divider{z-index: 9999;}<\/style><\/div>\n","protected":false},"excerpt":{"rendered":"<p><a href=\"https:\/\/biggerhousedesign.co.uk\/pl\/\" class=\"more-link style3-button\">Czytaj Wi\u0119cej<\/a><\/p>","protected":false},"author":1,"featured_media":0,"parent":0,"menu_order":0,"comment_status":"open","ping_status":"closed","template":"","meta":{"footnotes":""},"class_list":["post-3521","page","type-page","status-publish","hentry"],"_links":{"self":[{"href":"https:\/\/biggerhousedesign.co.uk\/pl\/wp-json\/wp\/v2\/pages\/3521","targetHints":{"allow":["GET"]}}],"collection":[{"href":"https:\/\/biggerhousedesign.co.uk\/pl\/wp-json\/wp\/v2\/pages"}],"about":[{"href":"https:\/\/biggerhousedesign.co.uk\/pl\/wp-json\/wp\/v2\/types\/page"}],"author":[{"embeddable":true,"href":"https:\/\/biggerhousedesign.co.uk\/pl\/wp-json\/wp\/v2\/users\/1"}],"replies":[{"embeddable":true,"href":"https:\/\/biggerhousedesign.co.uk\/pl\/wp-json\/wp\/v2\/comments?post=3521"}],"version-history":[{"count":12,"href":"https:\/\/biggerhousedesign.co.uk\/pl\/wp-json\/wp\/v2\/pages\/3521\/revisions"}],"predecessor-version":[{"id":3583,"href":"https:\/\/biggerhousedesign.co.uk\/pl\/wp-json\/wp\/v2\/pages\/3521\/revisions\/3583"}],"wp:attachment":[{"href":"https:\/\/biggerhousedesign.co.uk\/pl\/wp-json\/wp\/v2\/media?parent=3521"}],"curies":[{"name":"wp","href":"https:\/\/api.w.org\/{rel}","templated":true}]}}