{"id":3524,"date":"2017-05-20T12:17:19","date_gmt":"2017-05-20T11:17:19","guid":{"rendered":"http:\/\/biggerhousedesign.co.uk\/profile\/"},"modified":"2017-05-28T13:06:11","modified_gmt":"2017-05-28T12:06:11","slug":"profile","status":"publish","type":"page","link":"https:\/\/biggerhousedesign.co.uk\/pl\/profile\/","title":{"rendered":"Profil Firmy"},"content":{"rendered":"<div  class=\"tatsu-ic9u1jyjf6f7vido tatsu-section    tatsu-clearfix\" data-title=\"\"  data-headerscheme=\"background--dark\"><div class='tatsu-section-pad clearfix' data-padding='90px 0px 90px 0px' data-padding-top='90px'><div class=\"tatsu-row-wrap  tatsu-wrap tatsu-row-one-col tatsu-row-has-one-cols tatsu-medium-gutter tatsu-reg-cols  tatsu-clearfix tatsu-ic9u1jyld45enqqf\" ><div  class=\"tatsu-row \" ><div  class=\"tatsu-column  tatsu-column-no-bg tatsu-one-col tatsu-column-image- tatsu-column-effect-  tatsu-ic9u1jyllr4cwjga\" data-animation=\"fadeIn\"   data-parallax-speed=\"0\" style=\"\"><div class=\"tatsu-column-inner \" ><div class=\"tatsu-column-pad-wrap\"><div class=\"tatsu-column-pad\" ><div  class=\"special-heading-wrap style3  tatsu-ic9u1jylwz3zcv3c oshine-module 1   tatsu-animate  \" data-animation=\"fadeIn\"  ><div class=\"caption-wrap top-caption\"><h6 class=\"caption \">PROFIL FIRMY<span class=\"caption-inner\"><\/span><\/h6><\/div><div class=\"special-heading align-center\"><h3 class=\"special-h-tag\"> BIGGER HOUSE DESIGN<\/h3><\/div><div class=\"caption-wrap bottom-caption\"><h6 class=\"caption special-subtitle\">Wn\u0119trze domu uosabia prywatny \u015bwiat.  Wszystko co na zewn\u0105trz domu jest cz\u0119\u015bci\u0105 \u015bwiata zewn\u0119trznego.<span class=\"caption-inner\"><\/span><\/h6><\/div><style>.tatsu-ic9u1jylwz3zcv3c .special-h-tag{color: rgba(5,5,5,1) ;}.tatsu-ic9u1jylwz3zcv3c .top-caption h6{color: rgba(65,65,65,1) ;}.tatsu-ic9u1jylwz3zcv3c .bottom-caption h6{color: rgba(65,65,65,1) ;font-size: 18px;}.tatsu-ic9u1jylwz3zcv3c.special-heading-wrap.style3 .top-caption .caption .caption-inner{background: rgba(255,0,0,1);}.tatsu-ic9u1jylwz3zcv3c.special-heading-wrap.style3 .bottom-caption .caption .caption-inner{background: rgba(208,138,138,0);}<\/style><\/div><\/div><\/div><div class = \"tatsu-column-bg-image-wrap\"><div class = \"tatsu-column-bg-image\" ><\/div><\/div><\/div><style>.tatsu-ic9u1jyllr4cwjga.tatsu-column > .tatsu-column-inner > .tatsu-column-pad-wrap > .tatsu-column-pad{padding: 0px 0px 0px 0px;}.tatsu-ic9u1jyllr4cwjga.tatsu-column > .tatsu-column-inner{border-width: 0 0 0 0;}.tatsu-ic9u1jyllr4cwjga.tatsu-column > .tatsu-column-inner > .tatsu-column-overlay{mix-blend-mode: none;}.tatsu-ic9u1jyllr4cwjga > .tatsu-column-inner > .tatsu-top-divider{z-index: 9999;}.tatsu-ic9u1jyllr4cwjga > .tatsu-column-inner > .tatsu-bottom-divider{z-index: 9999;}.tatsu-ic9u1jyllr4cwjga > .tatsu-column-inner > .tatsu-left-divider{z-index: 9999;}.tatsu-ic9u1jyllr4cwjga > .tatsu-column-inner > .tatsu-right-divider{z-index: 9999;}.tatsu-ic9u1jyllr4cwjga.tatsu-column{transform: translate3d(0px,0px, 0);}<\/style><\/div><\/div><\/div><\/div><div class=\"tatsu-section-background-wrap\"><div class = \"tatsu-section-background\" ><\/div><\/div><style>.tatsu-ic9u1jyjf6f7vido .tatsu-section-background{background-image: url(http:\/\/biggerhousedesign.co.uk\/wp-content\/uploads\/2017\/05\/4.jpg);background-repeat: no-repeat;background-attachment: scroll;background-position: top left;background-size: cover;}.tatsu-ic9u1jyjf6f7vido .tatsu-bg-blur{background-repeat: no-repeat;background-attachment: scroll;background-position: top left;background-size: cover;}.tatsu-ic9u1jyjf6f7vido .tatsu-section-pad{padding: 90px 0px 90px 0px;}.tatsu-ic9u1jyjf6f7vido.tatsu-section{margin: 0px 0px 0px 0px;}.tatsu-ic9u1jyjf6f7vido > .tatsu-bottom-divider{z-index: 9999;}.tatsu-ic9u1jyjf6f7vido > .tatsu-top-divider{z-index: 9999;}<\/style><\/div><div  class=\"tatsu-ic9u1jym1vc6cf25 tatsu-section    tatsu-clearfix\" data-title=\"\"  data-headerscheme=\"background--dark\"><div class='tatsu-section-pad clearfix' data-padding='90px 0px 90px 0px' data-padding-top='90px'><div class=\"tatsu-row-wrap  tatsu-wrap tatsu-row-has-one-half tatsu-row-has-two-cols tatsu-medium-gutter tatsu-reg-cols  tatsu-clearfix tatsu-ic9u1jyma0dclewg\" ><div  class=\"tatsu-row \" ><div  class=\"tatsu-column  tatsu-column-no-bg tatsu-one-half tatsu-column-image- tatsu-column-effect-  tatsu-ic9u1jymgg2015tu\" data-animation=\"fadeIn\"   data-parallax-speed=\"0\" style=\"\"><div class=\"tatsu-column-inner \" ><div class=\"tatsu-column-pad-wrap\"><div class=\"tatsu-column-pad\" ><div  class=\"tatsu-module tatsu-text-block-wrap tatsu-ic9u1jympkgbdmxa  \"><div class=\"tatsu-text-inner   clearfix\" data-animation=\"fadeIn\"  ><style>.tatsu-ic9u1jympkgbdmxa.tatsu-text-block-wrap .tatsu-text-inner{width: 100%;}<\/style>\n<h3>O NAS<\/h3>\n<\/div><\/div><div  class=\"tatsu-module tatsu-text-block-wrap tatsu-ic9u1jymt75xfzb8  \"><div class=\"tatsu-text-inner   clearfix\" data-animation=\"fadeIn\"  ><style>.tatsu-ic9u1jymt75xfzb8.tatsu-text-block-wrap .tatsu-text-inner{width: 100%;}<\/style>\n<p><span style=\"font-size: large;\">Naszym celem jest zapewnienie klientom satysfakcji z powi\u0119kszonego domu i naszych profesjonalnych us\u0142ug. Specjalizujemy si\u0119 w rozbudowie domu i powi\u0119kszeniu poddasza. Dzi\u0119ki naszemu do\u015bwiadczeniu potencja\u0142 nieruchomo\u015bci zostaje maksymalnie wykorzystany i jej warto\u015b\u0107 rynkowa wzrasta. S\u0142u\u017cymy praktycznymi wskaz\u00f3wkami i mo\u017cliwymi do zrealizowania rozwi\u0105zaniami. Nasze wst\u0119pne konsultacje s\u0105 bezp\u0142atne a op\u0142aty projektowe s\u0105 przejrzyste i uzgodnione z g\u00f3ry. Zarz\u0105dzamy ca\u0142o\u015bci\u0105 procesu zgromadzenia dokumentacji i rysunk\u00f3w niezb\u0119dnych do uzyskania pozwolenia na budow\u0119.<\/span><\/p>\n<p><span style=\"font-size: x-large; color: red;\"><em>Zapraszamy Ci\u0119 do wsp\u00f3\u0142pracy.<\/em><\/span><\/p>\n<\/div><\/div><\/div><\/div><div class = \"tatsu-column-bg-image-wrap\"><div class = \"tatsu-column-bg-image\" ><\/div><\/div><\/div><style>.tatsu-ic9u1jymgg2015tu.tatsu-column > .tatsu-column-inner > .tatsu-column-pad-wrap > .tatsu-column-pad{padding: 0px 0px 0px 0px;}.tatsu-ic9u1jymgg2015tu.tatsu-column > .tatsu-column-inner{border-width: 0 0 0 0;}.tatsu-ic9u1jymgg2015tu.tatsu-column > .tatsu-column-inner > .tatsu-column-overlay{mix-blend-mode: none;}.tatsu-ic9u1jymgg2015tu > .tatsu-column-inner > .tatsu-top-divider{z-index: 9999;}.tatsu-ic9u1jymgg2015tu > .tatsu-column-inner > .tatsu-bottom-divider{z-index: 9999;}.tatsu-ic9u1jymgg2015tu > .tatsu-column-inner > .tatsu-left-divider{z-index: 9999;}.tatsu-ic9u1jymgg2015tu > .tatsu-column-inner > .tatsu-right-divider{z-index: 9999;}.tatsu-ic9u1jymgg2015tu.tatsu-column{transform: translate3d(0px,0px, 0);}<\/style><\/div><div  class=\"tatsu-column  tatsu-column-no-bg tatsu-one-half tatsu-column-image- tatsu-column-effect-  tatsu-ic9u1jymwx4wg973\" data-animation=\"fadeIn\"   data-parallax-speed=\"0\" style=\"\"><div class=\"tatsu-column-inner \" ><div class=\"tatsu-column-pad-wrap\"><div class=\"tatsu-column-pad\" ><div  class=\"tatsu-empty-space  tatsu-ic9u1jyn77b1x1py  \" ><style>.tatsu-ic9u1jyn77b1x1py.tatsu-empty-space{height: 50px;}<\/style><\/div><div  class=\"tatsu-single-image tatsu-module tatsu-external-image tatsu-ic9u1jyn9qc3djto  \" data-animation=\"fadeIn\"  ><div class=\"tatsu-single-image-inner \" style=\"\" ><div class = \"tatsu-single-image-padding-wrap\" style = \"\" ><\/div><img class = \"tatsu-gradient-border\" src = \"http:\/\/biggerhousedesign.co.uk\/wp-content\/uploads\/2017\/05\/loft-profile.jpg\" \/><\/div><style>.tatsu-ic9u1jyn9qc3djto{margin: 0px 0px 0px 0px;}.tatsu-ic9u1jyn9qc3djto .tatsu-single-image-inner{border-width: 3px;border-color: rgba(199,199,199,1); max-width: 100%;}<\/style><\/div><\/div><\/div><div class = \"tatsu-column-bg-image-wrap\"><div class = \"tatsu-column-bg-image\" ><\/div><\/div><\/div><style>.tatsu-ic9u1jymwx4wg973.tatsu-column > .tatsu-column-inner > .tatsu-column-pad-wrap > .tatsu-column-pad{padding: 0px 0px 0px 0px ;}.tatsu-ic9u1jymwx4wg973.tatsu-column{margin: 0px 0px 0px 0px  !important;transform: translate3d(0px,0px, 0);}.tatsu-ic9u1jymwx4wg973.tatsu-column > .tatsu-column-inner{border-width: 0 0 0 0;}.tatsu-ic9u1jymwx4wg973.tatsu-column > .tatsu-column-inner > .tatsu-column-overlay{mix-blend-mode: none;}.tatsu-ic9u1jymwx4wg973 > .tatsu-column-inner > .tatsu-top-divider{z-index: 9999;}.tatsu-ic9u1jymwx4wg973 > .tatsu-column-inner > .tatsu-bottom-divider{z-index: 9999;}.tatsu-ic9u1jymwx4wg973 > .tatsu-column-inner > .tatsu-left-divider{z-index: 9999;}.tatsu-ic9u1jymwx4wg973 > .tatsu-column-inner > .tatsu-right-divider{z-index: 9999;}<\/style><\/div><\/div><\/div><\/div><div class=\"tatsu-section-background-wrap\"><div class = \"tatsu-section-background\" ><\/div><\/div><style>.tatsu-ic9u1jym1vc6cf25 .tatsu-section-pad{padding: 90px 0px 90px 0px;}.tatsu-ic9u1jym1vc6cf25.tatsu-section{margin: 0px 0px 0px 0px;}.tatsu-ic9u1jym1vc6cf25 > .tatsu-bottom-divider{z-index: 9999;}.tatsu-ic9u1jym1vc6cf25 > .tatsu-top-divider{z-index: 9999;}<\/style><\/div><div  class=\"tatsu-ic9u1jynfycjw3pq tatsu-section    tatsu-clearfix\" data-title=\"\"  data-headerscheme=\"background--dark\"><div class='tatsu-section-pad clearfix' data-padding='90px 0px 90px 0px' data-padding-top='90px'><div class=\"tatsu-row-wrap  tatsu-wrap tatsu-row-has-one-half tatsu-row-has-two-cols tatsu-medium-gutter tatsu-reg-cols  tatsu-clearfix tatsu-ic9u1jynp92a6p18\" ><div  class=\"tatsu-row \" ><div  class=\"tatsu-column  tatsu-column-no-bg tatsu-one-half tatsu-column-image- tatsu-column-effect-  tatsu-ic9u1jynur8q2gw6\" data-animation=\"fadeIn\"   data-parallax-speed=\"0\" style=\"\"><div class=\"tatsu-column-inner \" ><div class=\"tatsu-column-pad-wrap\"><div class=\"tatsu-column-pad\" ><div  class=\"tatsu-empty-space  tatsu-ic9u1jyo2u3a5cap  \" ><style>.tatsu-ic9u1jyo2u3a5cap.tatsu-empty-space{height: 90px;}<\/style><\/div><div  class=\"tatsu-single-image tatsu-module tatsu-animate tatsu-external-image tatsu-ic9u1jyo5596fhpx  \" data-animation=\"fadeInDownBig\"  ><div class=\"tatsu-single-image-inner \" style=\"\" ><div class = \"tatsu-single-image-padding-wrap\" style = \"\" ><\/div><img class = \"tatsu-gradient-border\" src = \"http:\/\/biggerhousedesign.co.uk\/wp-content\/uploads\/2017\/05\/drawing.jpg\" \/><\/div><style>.tatsu-ic9u1jyo5596fhpx{margin: 0px 0px 0px 0px;}.tatsu-ic9u1jyo5596fhpx .tatsu-single-image-inner{border-width: 8px;border-color: rgba(228,228,228,1); max-width: 100%;}<\/style><\/div><\/div><\/div><div class = \"tatsu-column-bg-image-wrap\"><div class = \"tatsu-column-bg-image\" ><\/div><\/div><\/div><style>.tatsu-ic9u1jynur8q2gw6.tatsu-column > .tatsu-column-inner > .tatsu-column-pad-wrap > .tatsu-column-pad{padding: 0px 0px 0px 0px;}.tatsu-ic9u1jynur8q2gw6.tatsu-column > .tatsu-column-inner{border-width: 0 0 0 0;}.tatsu-ic9u1jynur8q2gw6.tatsu-column > .tatsu-column-inner > .tatsu-column-overlay{mix-blend-mode: none;}.tatsu-ic9u1jynur8q2gw6 > .tatsu-column-inner > .tatsu-top-divider{z-index: 9999;}.tatsu-ic9u1jynur8q2gw6 > .tatsu-column-inner > .tatsu-bottom-divider{z-index: 9999;}.tatsu-ic9u1jynur8q2gw6 > .tatsu-column-inner > .tatsu-left-divider{z-index: 9999;}.tatsu-ic9u1jynur8q2gw6 > .tatsu-column-inner > .tatsu-right-divider{z-index: 9999;}.tatsu-ic9u1jynur8q2gw6.tatsu-column{transform: translate3d(0px,0px, 0);}<\/style><\/div><div  class=\"tatsu-column  tatsu-column-no-bg tatsu-one-half tatsu-column-align-top tatsu-column-image- tatsu-column-effect-  tatsu-ic9u1jyo9raq51k\" data-animation=\"fadeIn\"   data-parallax-speed=\"0\" style=\"\"><div class=\"tatsu-column-inner \" ><div class=\"tatsu-column-pad-wrap\"><div class=\"tatsu-column-pad\" ><div  class=\"tatsu-module tatsu-text-block-wrap tatsu-ic9u1jyoi573kl64  \"><div class=\"tatsu-text-inner   clearfix\" data-animation=\"fadeIn\"  ><style>.tatsu-ic9u1jyoi573kl64.tatsu-text-block-wrap .tatsu-text-inner{width: 100%;}<\/style>\n<h3>JAK DZIA\u0141AMY<\/h3>\n<\/div><\/div><div  class=\"tatsu-module tatsu-text-block-wrap tatsu-ic9u1jyolj6yp7sa  \"><div class=\"tatsu-text-inner   clearfix\" data-animation=\"fadeIn\"  ><style>.tatsu-ic9u1jyolj6yp7sa.tatsu-text-block-wrap .tatsu-text-inner{width: 100%;}<\/style>\n<ul>\n<li><strong>ROZMOWA<\/strong> &#8211; zapro\u015b nas i opowiedz co zaplanowa\u0142e\u015b.<\/li>\n<li><strong>PROPOZYCJA CENOWA <\/strong> &#8211; nast\u0119pnie przedstawimy Ci wycen\u0119 naszej us\u0142ugi. Zaakceptuj aby\u015bmy mogli Ci jak najszybciej pomoc.<\/li>\n<li><strong>POMIAR<\/strong> &#8211; teraz um\u00f3wimy si\u0119 z Toba na pomiar domu i ogrodu, bo dzi\u0119ki nim powstanie projekt.<\/li>\n<li><strong>WST\u0118PNE RYSUNKI<\/strong> &#8211; w kr\u00f3tkim czasie prze\u015blemy Ci pierwsze plany odzwierciedlaj\u0105ce om\u00f3wiony zakres rozbudowy. Sprawd\u017a czy w\u0142a\u015bnie tak ja sobie wyobra\u017ca\u0142e\u015b.<\/li>\n<li><strong>*3DMODEL<\/strong> &#8211; tr\u00f3jwymiarowy model pomaga lepiej zilustrowa\u0107 planowana rozbudow\u0119. Daj nam zna\u0107 czy chcia\u0142by\u015b taki otrzyma\u0107.<\/li>\n<li><strong>POPRAWKI<\/strong> &#8211; podziel si\u0119 z nami Twoimi przemy\u015bleniami a my naniesiemy na plany Twoje zmiany.<\/li>\n<li><strong>CZAS NA DECYZJE<\/strong> &#8211; potwierd\u017a, \u017ce poprawione rysunki mog\u0105 by\u0107 wys\u0142ane do urz\u0119du.<\/li>\n<li><strong>FORMALNO\u015aCI URZ\u0118DOWE <\/strong> &#8211; reszt\u0119 niezb\u0119dnej dokumentacji do ubiegania si\u0119 o pozwolenie na budow\u0119 skompletujemy za Ciebie. Nast\u0119pnie ca\u0142o\u015b\u0107 z\u0142o\u017cymy do urz\u0119du i damy Ci zna\u0107 o decyzji.<\/li>\n<\/ul>\n<p>* &#8211; dodatkowa oplata za 3dModel nie jest uwzgl\u0119dniona w propozycji cenowej<\/p>\n<\/div><\/div><\/div><\/div><div class = \"tatsu-column-bg-image-wrap\"><div class = \"tatsu-column-bg-image\" ><\/div><\/div><\/div><style>.tatsu-ic9u1jyo9raq51k.tatsu-column > .tatsu-column-inner > .tatsu-column-pad-wrap > .tatsu-column-pad{padding: 0px 0px 0px 0px;}.tatsu-ic9u1jyo9raq51k.tatsu-column > .tatsu-column-inner{border-width: 0 0 0 0;}.tatsu-ic9u1jyo9raq51k.tatsu-column > .tatsu-column-inner > .tatsu-column-overlay{mix-blend-mode: none;}.tatsu-ic9u1jyo9raq51k > .tatsu-column-inner > .tatsu-top-divider{z-index: 9999;}.tatsu-ic9u1jyo9raq51k > .tatsu-column-inner > .tatsu-bottom-divider{z-index: 9999;}.tatsu-ic9u1jyo9raq51k > .tatsu-column-inner > .tatsu-left-divider{z-index: 9999;}.tatsu-ic9u1jyo9raq51k > .tatsu-column-inner > .tatsu-right-divider{z-index: 9999;}.tatsu-ic9u1jyo9raq51k.tatsu-column{transform: translate3d(0px,0px, 0);}<\/style><\/div><\/div><\/div><\/div><div class=\"tatsu-section-background-wrap\"><div class = \"tatsu-section-background\" ><\/div><\/div><style>.tatsu-ic9u1jynfycjw3pq.tatsu-section{background-color: rgba(245,245,245,1);margin: 0px 0px 0px 0px;}.tatsu-ic9u1jynfycjw3pq .tatsu-section-pad{padding: 90px 0px 90px 0px;}.tatsu-ic9u1jynfycjw3pq > .tatsu-bottom-divider{z-index: 9999;}.tatsu-ic9u1jynfycjw3pq > .tatsu-top-divider{z-index: 9999;}<\/style><\/div><div  class=\"tatsu-ic9u1jyoq43inc47 tatsu-section    tatsu-clearfix\" data-title=\"\"  data-headerscheme=\"background--dark\"><div class='tatsu-section-pad clearfix' data-padding='20px 0px 20px 0px ' data-padding-top='20px'><div class=\"tatsu-row-wrap  tatsu-row-full-width tatsu-row-one-col tatsu-row-has-one-cols tatsu-medium-gutter tatsu-reg-cols  tatsu-clearfix tatsu-ic9u1jyp1qezj45m\" ><div  class=\"tatsu-row \" ><div  class=\"tatsu-column  tatsu-column-no-bg tatsu-one-col tatsu-column-image- tatsu-column-effect-  tatsu-ic9u1jyp8kcj8aic\" data-animation=\"fadeIn\"   data-parallax-speed=\"0\" style=\"\"><div class=\"tatsu-column-inner \" ><div class=\"tatsu-column-pad-wrap\"><div class=\"tatsu-column-pad\" ><div  class=\"tatsu-module tatsu-call-to-action tatsu-clearfix  tatsu-ic9u1jypjma578d2  \" data-animation=\"fadeIn\"  ><div class=\"tatsu-cta-inner\"><h4 class=\"tatsu-action-content\" >Nowy  Projekt? Zadzwo\u0144 dzisiaj <\/h4><a class=\"mediumbtn tatsu-button rounded tatsu-action-button   \" href=\"https:\/\/biggerhousedesign.co.uk\/pl\/contact\/\" data-gdpr-atts={} ><span>Kontakt<\/span><\/a><style>.tatsu-ic9u1jypjma578d2.tatsu-call-to-action{background-color: rgba(226,226,226,1);}.tatsu-ic9u1jypjma578d2 .tatsu-action-content{color: rgba(0,0,0,1) ;}.tatsu-ic9u1jypjma578d2 .tatsu-action-button{background: rgba(225,43,43,1);border-color: #ffffff; }.tatsu-ic9u1jypjma578d2 .tatsu-action-button:hover{background: #ffffff;border-color: #ffffff; }.tatsu-ic9u1jypjma578d2 .tatsu-action-button span{color: #ffffff ;}.tatsu-ic9u1jypjma578d2 .tatsu-action-button:hover span{color: rgba(224,162,64,1) ;}<\/style><\/div><\/div><\/div><\/div><div class = \"tatsu-column-bg-image-wrap\"><div class = \"tatsu-column-bg-image\" ><\/div><\/div><\/div><style>.tatsu-ic9u1jyp8kcj8aic.tatsu-column > .tatsu-column-inner > .tatsu-column-pad-wrap > .tatsu-column-pad{padding: 0px 0px 0px 0px;}.tatsu-ic9u1jyp8kcj8aic.tatsu-column > .tatsu-column-inner{border-width: 0 0 0 0;}.tatsu-ic9u1jyp8kcj8aic.tatsu-column > .tatsu-column-inner > .tatsu-column-overlay{mix-blend-mode: none;}.tatsu-ic9u1jyp8kcj8aic > .tatsu-column-inner > .tatsu-top-divider{z-index: 9999;}.tatsu-ic9u1jyp8kcj8aic > .tatsu-column-inner > .tatsu-bottom-divider{z-index: 9999;}.tatsu-ic9u1jyp8kcj8aic > .tatsu-column-inner > .tatsu-left-divider{z-index: 9999;}.tatsu-ic9u1jyp8kcj8aic > .tatsu-column-inner > .tatsu-right-divider{z-index: 9999;}.tatsu-ic9u1jyp8kcj8aic.tatsu-column{transform: translate3d(0px,0px, 0);}<\/style><\/div><\/div><\/div><\/div><div class=\"tatsu-section-background-wrap\"><div class = \"tatsu-section-background\" ><\/div><\/div><style>.tatsu-ic9u1jyoq43inc47.tatsu-section{background-color: rgba(226,226,226,1);margin: 0px 0px 0px 0px;}.tatsu-ic9u1jyoq43inc47 .tatsu-section-pad{padding: 20px 0px 20px 0px ;}.tatsu-ic9u1jyoq43inc47 > .tatsu-bottom-divider{z-index: 9999;}.tatsu-ic9u1jyoq43inc47 > .tatsu-top-divider{z-index: 9999;}<\/style><\/div>\n","protected":false},"excerpt":{"rendered":"<p><a href=\"https:\/\/biggerhousedesign.co.uk\/pl\/profile\/\" class=\"more-link style3-button\">Czytaj Wi\u0119cej<\/a><\/p>","protected":false},"author":1,"featured_media":0,"parent":0,"menu_order":0,"comment_status":"open","ping_status":"closed","template":"","meta":{"footnotes":""},"class_list":["post-3524","page","type-page","status-publish","hentry"],"_links":{"self":[{"href":"https:\/\/biggerhousedesign.co.uk\/pl\/wp-json\/wp\/v2\/pages\/3524","targetHints":{"allow":["GET"]}}],"collection":[{"href":"https:\/\/biggerhousedesign.co.uk\/pl\/wp-json\/wp\/v2\/pages"}],"about":[{"href":"https:\/\/biggerhousedesign.co.uk\/pl\/wp-json\/wp\/v2\/types\/page"}],"author":[{"embeddable":true,"href":"https:\/\/biggerhousedesign.co.uk\/pl\/wp-json\/wp\/v2\/users\/1"}],"replies":[{"embeddable":true,"href":"https:\/\/biggerhousedesign.co.uk\/pl\/wp-json\/wp\/v2\/comments?post=3524"}],"version-history":[{"count":13,"href":"https:\/\/biggerhousedesign.co.uk\/pl\/wp-json\/wp\/v2\/pages\/3524\/revisions"}],"predecessor-version":[{"id":3561,"href":"https:\/\/biggerhousedesign.co.uk\/pl\/wp-json\/wp\/v2\/pages\/3524\/revisions\/3561"}],"wp:attachment":[{"href":"https:\/\/biggerhousedesign.co.uk\/pl\/wp-json\/wp\/v2\/media?parent=3524"}],"curies":[{"name":"wp","href":"https:\/\/api.w.org\/{rel}","templated":true}]}}